{"id":821,"date":"2024-12-15T12:39:09","date_gmt":"2024-12-15T10:39:09","guid":{"rendered":"https:\/\/stayfresh.gr\/shake-fresh\/"},"modified":"2024-12-17T15:30:08","modified_gmt":"2024-12-17T13:30:08","slug":"shake-fresh","status":"publish","type":"page","link":"https:\/\/stayfresh.gr\/fr\/shake-fresh\/","title":{"rendered":"Shake Fresh"},"content":{"rendered":"\t\t<div data-elementor-type=\"wp-page\" data-elementor-id=\"821\" class=\"elementor elementor-821 elementor-385\" data-elementor-post-type=\"page\">\n\t\t\t\t<div class=\"elementor-element elementor-element-61a6e9d e-con-full e-flex e-con e-parent\" data-id=\"61a6e9d\" data-element_type=\"container\" data-e-type=\"container\" data-settings=\"{&quot;background_background&quot;:&quot;classic&quot;,&quot;shape_divider_bottom&quot;:&quot;mountains&quot;}\">\n\t\t\t\t<div class=\"elementor-shape elementor-shape-bottom\" aria-hidden=\"true\" data-negative=\"false\">\n\t\t\t<svg xmlns=\"http:\/\/www.w3.org\/2000\/svg\" viewBox=\"0 0 1000 100\" preserveAspectRatio=\"none\">\n\t<path class=\"elementor-shape-fill\" opacity=\"0.33\" d=\"M473,67.3c-203.9,88.3-263.1-34-320.3,0C66,119.1,0,59.7,0,59.7V0h1000v59.7 c0,0-62.1,26.1-94.9,29.3c-32.8,3.3-62.8-12.3-75.8-22.1C806,49.6,745.3,8.7,694.9,4.7S492.4,59,473,67.3z\"\/>\n\t<path class=\"elementor-shape-fill\" opacity=\"0.66\" d=\"M734,67.3c-45.5,0-77.2-23.2-129.1-39.1c-28.6-8.7-150.3-10.1-254,39.1 s-91.7-34.4-149.2,0C115.7,118.3,0,39.8,0,39.8V0h1000v36.5c0,0-28.2-18.5-92.1-18.5C810.2,18.1,775.7,67.3,734,67.3z\"\/>\n\t<path class=\"elementor-shape-fill\" d=\"M766.1,28.9c-200-57.5-266,65.5-395.1,19.5C242,1.8,242,5.4,184.8,20.6C128,35.8,132.3,44.9,89.9,52.5C28.6,63.7,0,0,0,0 h1000c0,0-9.9,40.9-83.6,48.1S829.6,47,766.1,28.9z\"\/>\n<\/svg>\t\t<\/div>\n\t\t\t\t<div class=\"elementor-element elementor-element-15e2312 elementor-widget elementor-widget-heading\" data-id=\"15e2312\" data-element_type=\"widget\" data-e-type=\"widget\" data-widget_type=\"heading.default\">\n\t\t\t\t<div class=\"elementor-widget-container\">\n\t\t\t\t\t<h1 class=\"elementor-heading-title elementor-size-default\">Shake Fresh<\/h1>\t\t\t\t<\/div>\n\t\t\t\t<\/div>\n\t\t\t\t<\/div>\n\t\t<div class=\"elementor-element elementor-element-b33914f e-flex e-con-boxed e-con e-parent\" data-id=\"b33914f\" data-element_type=\"container\" data-e-type=\"container\">\n\t\t\t\t\t<div class=\"e-con-inner\">\n\t\t\t\t<div class=\"elementor-element elementor-element-514ef1f elementor-widget elementor-widget-heading\" data-id=\"514ef1f\" data-element_type=\"widget\" data-e-type=\"widget\" data-widget_type=\"heading.default\">\n\t\t\t\t<div class=\"elementor-widget-container\">\n\t\t\t\t\t<div class=\"elementor-heading-title elementor-size-default\">Nous avons choisi quatre de nos desserts pr\u00e9f\u00e9r\u00e9s et cr\u00e9\u00e9 une nouvelle g\u00e9n\u00e9ration de milkshakes en rempla\u00e7ant la glace par des fruits frais congel\u00e9s et des noix, pour une alternative naturelle au milkshake.<\/div>\t\t\t\t<\/div>\n\t\t\t\t<\/div>\n\t\t\t\t<div class=\"elementor-element elementor-element-2c41cc9 elementor-grid-2 elementor-grid-tablet-2 elementor-grid-mobile-1 elementor-widget elementor-widget-loop-grid\" data-id=\"2c41cc9\" data-element_type=\"widget\" data-e-type=\"widget\" data-settings=\"{&quot;template_id&quot;:998,&quot;columns&quot;:2,&quot;_skin&quot;:&quot;post&quot;,&quot;columns_tablet&quot;:&quot;2&quot;,&quot;columns_mobile&quot;:&quot;1&quot;,&quot;edit_handle_selector&quot;:&quot;[data-elementor-type=\\&quot;loop-item\\&quot;]&quot;,&quot;row_gap&quot;:{&quot;unit&quot;:&quot;px&quot;,&quot;size&quot;:&quot;&quot;,&quot;sizes&quot;:[]},&quot;row_gap_tablet&quot;:{&quot;unit&quot;:&quot;px&quot;,&quot;size&quot;:&quot;&quot;,&quot;sizes&quot;:[]},&quot;row_gap_mobile&quot;:{&quot;unit&quot;:&quot;px&quot;,&quot;size&quot;:&quot;&quot;,&quot;sizes&quot;:[]}}\" data-widget_type=\"loop-grid.post\">\n\t\t\t\t<div class=\"elementor-widget-container\">\n\t\t\t\t\t\t\t<div class=\"elementor-loop-container elementor-grid\" role=\"list\">\n\t\t<style id=\"loop-998\">.elementor-998 .elementor-element.elementor-element-aa0e5b4{--display:flex;}.elementor-998 .elementor-element.elementor-element-a5f1d0c .elementor-widget-container{text-align:center;font-family:var( --e-global-typography-75228f5-font-family ), Sans-serif;font-size:var( --e-global-typography-75228f5-font-size );line-height:var( --e-global-typography-75228f5-line-height );letter-spacing:var( --e-global-typography-75228f5-letter-spacing );word-spacing:var( --e-global-typography-75228f5-word-spacing );color:var( --e-global-color-db5ead1 );}.elementor-998 .elementor-element.elementor-element-52b6b59 .elementor-button{font-family:var( --e-global-typography-8e79948-font-family ), Sans-serif;font-size:var( --e-global-typography-8e79948-font-size );line-height:var( --e-global-typography-8e79948-line-height );letter-spacing:var( --e-global-typography-8e79948-letter-spacing );word-spacing:var( --e-global-typography-8e79948-word-spacing );text-shadow:0px 0px 4px rgba(0, 0, 0, 0.72);fill:var( --e-global-color-e967b81 );color:var( --e-global-color-e967b81 );background-color:transparent;background-image:linear-gradient(45deg, var( --e-global-color-c9393e5 ) 0%, var( --e-global-color-ebc2a64 ) 100%);transition-duration:300ms;border-radius:33px 33px 33px 33px;}.elementor-998 .elementor-element.elementor-element-52b6b59 .elementor-button:hover, .elementor-998 .elementor-element.elementor-element-52b6b59 .elementor-button:focus{color:var( --e-global-color-e967b81 );background-color:transparent;background-image:linear-gradient(90deg, var( --e-global-color-ebc2a64 ) 0%, var( --e-global-color-c9393e5 ) 100%);}.elementor-998 .elementor-element.elementor-element-52b6b59 .elementor-button:hover svg, .elementor-998 .elementor-element.elementor-element-52b6b59 .elementor-button:focus svg{fill:var( --e-global-color-e967b81 );}@media(max-width:1024px){.elementor-998 .elementor-element.elementor-element-a5f1d0c .elementor-widget-container{font-size:var( --e-global-typography-75228f5-font-size );line-height:var( --e-global-typography-75228f5-line-height );letter-spacing:var( --e-global-typography-75228f5-letter-spacing );word-spacing:var( --e-global-typography-75228f5-word-spacing );}.elementor-998 .elementor-element.elementor-element-52b6b59 .elementor-button{font-size:var( --e-global-typography-8e79948-font-size );line-height:var( --e-global-typography-8e79948-line-height );letter-spacing:var( --e-global-typography-8e79948-letter-spacing );word-spacing:var( --e-global-typography-8e79948-word-spacing );}}@media(max-width:767px){.elementor-998 .elementor-element.elementor-element-a5f1d0c .elementor-widget-container{font-size:var( --e-global-typography-75228f5-font-size );line-height:var( --e-global-typography-75228f5-line-height );letter-spacing:var( --e-global-typography-75228f5-letter-spacing );word-spacing:var( --e-global-typography-75228f5-word-spacing );}.elementor-998 .elementor-element.elementor-element-52b6b59 .elementor-button{font-size:var( --e-global-typography-8e79948-font-size );line-height:var( --e-global-typography-8e79948-line-height );letter-spacing:var( --e-global-typography-8e79948-letter-spacing );word-spacing:var( --e-global-typography-8e79948-word-spacing );}}<\/style>\t\t<div data-elementor-type=\"loop-item\" data-elementor-id=\"998\" class=\"elementor elementor-998 elementor-366 elementor-366 e-loop-item e-loop-item-811 post-811 smoothies type-smoothies status-publish has-post-thumbnail hentry smoothie-types-shake-fresh\" data-elementor-post-type=\"elementor_library\" data-custom-edit-handle=\"1\">\n\t\t\t<div class=\"elementor-element elementor-element-aa0e5b4 e-flex e-con-boxed e-con e-parent\" data-id=\"aa0e5b4\" data-element_type=\"container\" data-e-type=\"container\">\n\t\t\t\t\t<div class=\"e-con-inner\">\n\t\t\t\t<div class=\"elementor-element elementor-element-1392488 animated-fast elementor-invisible elementor-widget elementor-widget-theme-post-featured-image elementor-widget-image\" data-id=\"1392488\" data-element_type=\"widget\" data-e-type=\"widget\" data-settings=\"{&quot;_animation&quot;:&quot;rotateIn&quot;}\" data-widget_type=\"theme-post-featured-image.default\">\n\t\t\t\t<div class=\"elementor-widget-container\">\n\t\t\t\t\t\t\t\t\t\t\t\t\t\t\t\t<a href=\"https:\/\/stayfresh.gr\/fr\/smoothies\/peanut-butter-cake\/\">\n\t\t\t\t\t\t\t<img fetchpriority=\"high\" decoding=\"async\" width=\"650\" height=\"650\" src=\"https:\/\/stayfresh.gr\/wp-content\/uploads\/2024\/12\/shakefresh-peanutbutter-new-1.webp\" class=\"attachment-full size-full wp-image-690\" alt=\"\" \/>\t\t\t\t\t\t\t\t<\/a>\n\t\t\t\t\t\t\t\t\t\t\t\t\t\t\t<\/div>\n\t\t\t\t<\/div>\n\t\t\t\t<div class=\"elementor-element elementor-element-a5f1d0c elementor-widget elementor-widget-theme-post-excerpt\" data-id=\"a5f1d0c\" data-element_type=\"widget\" data-e-type=\"widget\" data-widget_type=\"theme-post-excerpt.default\">\n\t\t\t\t<div class=\"elementor-widget-container\">\n\t\t\t\t\tDu beurre de cacahu\u00e8te, du granola aux grains entiers avec du miel, de l\u2019avocat et des bananes pour cr\u00e9er un milkshake ou une boisson nutritive et sans regrets.\t\t\t\t<\/div>\n\t\t\t\t<\/div>\n\t\t\t\t<div class=\"elementor-element elementor-element-52b6b59 elementor-align-center elementor-widget elementor-widget-button\" data-id=\"52b6b59\" data-element_type=\"widget\" data-e-type=\"widget\" data-widget_type=\"button.default\">\n\t\t\t\t<div class=\"elementor-widget-container\">\n\t\t\t\t\t\t\t\t\t<div class=\"elementor-button-wrapper\">\n\t\t\t\t\t<a class=\"elementor-button elementor-button-link elementor-size-sm elementor-animation-pop\" href=\"https:\/\/stayfresh.gr\/fr\/smoothies\/peanut-butter-cake\/\">\n\t\t\t\t\t\t<span class=\"elementor-button-content-wrapper\">\n\t\t\t\t\t\t\t\t\t<span class=\"elementor-button-text\">Plus d'infos<\/span>\n\t\t\t\t\t<\/span>\n\t\t\t\t\t<\/a>\n\t\t\t\t<\/div>\n\t\t\t\t\t\t\t\t<\/div>\n\t\t\t\t<\/div>\n\t\t\t\t\t<\/div>\n\t\t\t\t<\/div>\n\t\t\t\t<\/div>\n\t\t\t\t<div data-elementor-type=\"loop-item\" data-elementor-id=\"998\" class=\"elementor elementor-998 elementor-366 elementor-366 e-loop-item e-loop-item-812 post-812 smoothies type-smoothies status-publish has-post-thumbnail hentry smoothie-types-shake-fresh\" data-elementor-post-type=\"elementor_library\" data-custom-edit-handle=\"1\">\n\t\t\t<div class=\"elementor-element elementor-element-aa0e5b4 e-flex e-con-boxed e-con e-parent\" data-id=\"aa0e5b4\" data-element_type=\"container\" data-e-type=\"container\">\n\t\t\t\t\t<div class=\"e-con-inner\">\n\t\t\t\t<div class=\"elementor-element elementor-element-1392488 animated-fast elementor-invisible elementor-widget elementor-widget-theme-post-featured-image elementor-widget-image\" data-id=\"1392488\" data-element_type=\"widget\" data-e-type=\"widget\" data-settings=\"{&quot;_animation&quot;:&quot;rotateIn&quot;}\" data-widget_type=\"theme-post-featured-image.default\">\n\t\t\t\t<div class=\"elementor-widget-container\">\n\t\t\t\t\t\t\t\t\t\t\t\t\t\t\t\t<a href=\"https:\/\/stayfresh.gr\/fr\/smoothies\/berry-lime-pie\/\">\n\t\t\t\t\t\t\t<img decoding=\"async\" width=\"650\" height=\"650\" src=\"https:\/\/stayfresh.gr\/wp-content\/uploads\/2024\/12\/shakefresh-berrylime-new-1.webp\" class=\"attachment-full size-full wp-image-694\" alt=\"\" \/>\t\t\t\t\t\t\t\t<\/a>\n\t\t\t\t\t\t\t\t\t\t\t\t\t\t\t<\/div>\n\t\t\t\t<\/div>\n\t\t\t\t<div class=\"elementor-element elementor-element-a5f1d0c elementor-widget elementor-widget-theme-post-excerpt\" data-id=\"a5f1d0c\" data-element_type=\"widget\" data-e-type=\"widget\" data-widget_type=\"theme-post-excerpt.default\">\n\t\t\t\t<div class=\"elementor-widget-container\">\n\t\t\t\t\tDes baies, des cookies, du citron vert et des bananes combin\u00e9s dans un milkshake pour un go\u00fbt rafra\u00eechissant que tout le monde doit essayer.\t\t\t\t<\/div>\n\t\t\t\t<\/div>\n\t\t\t\t<div class=\"elementor-element elementor-element-52b6b59 elementor-align-center elementor-widget elementor-widget-button\" data-id=\"52b6b59\" data-element_type=\"widget\" data-e-type=\"widget\" data-widget_type=\"button.default\">\n\t\t\t\t<div class=\"elementor-widget-container\">\n\t\t\t\t\t\t\t\t\t<div class=\"elementor-button-wrapper\">\n\t\t\t\t\t<a class=\"elementor-button elementor-button-link elementor-size-sm elementor-animation-pop\" href=\"https:\/\/stayfresh.gr\/fr\/smoothies\/berry-lime-pie\/\">\n\t\t\t\t\t\t<span class=\"elementor-button-content-wrapper\">\n\t\t\t\t\t\t\t\t\t<span class=\"elementor-button-text\">Plus d'infos<\/span>\n\t\t\t\t\t<\/span>\n\t\t\t\t\t<\/a>\n\t\t\t\t<\/div>\n\t\t\t\t\t\t\t\t<\/div>\n\t\t\t\t<\/div>\n\t\t\t\t\t<\/div>\n\t\t\t\t<\/div>\n\t\t\t\t<\/div>\n\t\t\t\t<div data-elementor-type=\"loop-item\" data-elementor-id=\"998\" class=\"elementor elementor-998 elementor-366 elementor-366 e-loop-item e-loop-item-813 post-813 smoothies type-smoothies status-publish has-post-thumbnail hentry smoothie-types-shake-fresh\" data-elementor-post-type=\"elementor_library\" data-custom-edit-handle=\"1\">\n\t\t\t<div class=\"elementor-element elementor-element-aa0e5b4 e-flex e-con-boxed e-con e-parent\" data-id=\"aa0e5b4\" data-element_type=\"container\" data-e-type=\"container\">\n\t\t\t\t\t<div class=\"e-con-inner\">\n\t\t\t\t<div class=\"elementor-element elementor-element-1392488 animated-fast elementor-invisible elementor-widget elementor-widget-theme-post-featured-image elementor-widget-image\" data-id=\"1392488\" data-element_type=\"widget\" data-e-type=\"widget\" data-settings=\"{&quot;_animation&quot;:&quot;rotateIn&quot;}\" data-widget_type=\"theme-post-featured-image.default\">\n\t\t\t\t<div class=\"elementor-widget-container\">\n\t\t\t\t\t\t\t\t\t\t\t\t\t\t\t\t<a href=\"https:\/\/stayfresh.gr\/fr\/smoothies\/chocolate-cake\/\">\n\t\t\t\t\t\t\t<img decoding=\"async\" width=\"650\" height=\"650\" src=\"https:\/\/stayfresh.gr\/wp-content\/uploads\/2024\/12\/shakefresh-chococake-new-1.webp\" class=\"attachment-full size-full wp-image-696\" alt=\"\" \/>\t\t\t\t\t\t\t\t<\/a>\n\t\t\t\t\t\t\t\t\t\t\t\t\t\t\t<\/div>\n\t\t\t\t<\/div>\n\t\t\t\t<div class=\"elementor-element elementor-element-a5f1d0c elementor-widget elementor-widget-theme-post-excerpt\" data-id=\"a5f1d0c\" data-element_type=\"widget\" data-e-type=\"widget\" data-widget_type=\"theme-post-excerpt.default\">\n\t\t\t\t<div class=\"elementor-widget-container\">\n\t\t\t\t\tL\u2019approche saine du g\u00e2teau au chocolat que nous attendions tous. Un m\u00e9lange de cookies au chocolat, de chocolat blanc, de fraises grecques et de bananes pour cr\u00e9er la meilleure alternative \u00e0 un milkshake.\t\t\t\t<\/div>\n\t\t\t\t<\/div>\n\t\t\t\t<div class=\"elementor-element elementor-element-52b6b59 elementor-align-center elementor-widget elementor-widget-button\" data-id=\"52b6b59\" data-element_type=\"widget\" data-e-type=\"widget\" data-widget_type=\"button.default\">\n\t\t\t\t<div class=\"elementor-widget-container\">\n\t\t\t\t\t\t\t\t\t<div class=\"elementor-button-wrapper\">\n\t\t\t\t\t<a class=\"elementor-button elementor-button-link elementor-size-sm elementor-animation-pop\" href=\"https:\/\/stayfresh.gr\/fr\/smoothies\/chocolate-cake\/\">\n\t\t\t\t\t\t<span class=\"elementor-button-content-wrapper\">\n\t\t\t\t\t\t\t\t\t<span class=\"elementor-button-text\">Plus d'infos<\/span>\n\t\t\t\t\t<\/span>\n\t\t\t\t\t<\/a>\n\t\t\t\t<\/div>\n\t\t\t\t\t\t\t\t<\/div>\n\t\t\t\t<\/div>\n\t\t\t\t\t<\/div>\n\t\t\t\t<\/div>\n\t\t\t\t<\/div>\n\t\t\t\t<div data-elementor-type=\"loop-item\" data-elementor-id=\"998\" class=\"elementor elementor-998 elementor-366 elementor-366 e-loop-item e-loop-item-814 post-814 smoothies type-smoothies status-publish has-post-thumbnail hentry smoothie-types-shake-fresh\" data-elementor-post-type=\"elementor_library\" data-custom-edit-handle=\"1\">\n\t\t\t<div class=\"elementor-element elementor-element-aa0e5b4 e-flex e-con-boxed e-con e-parent\" data-id=\"aa0e5b4\" data-element_type=\"container\" data-e-type=\"container\">\n\t\t\t\t\t<div class=\"e-con-inner\">\n\t\t\t\t<div class=\"elementor-element elementor-element-1392488 animated-fast elementor-invisible elementor-widget elementor-widget-theme-post-featured-image elementor-widget-image\" data-id=\"1392488\" data-element_type=\"widget\" data-e-type=\"widget\" data-settings=\"{&quot;_animation&quot;:&quot;rotateIn&quot;}\" data-widget_type=\"theme-post-featured-image.default\">\n\t\t\t\t<div class=\"elementor-widget-container\">\n\t\t\t\t\t\t\t\t\t\t\t\t\t\t\t\t<a href=\"https:\/\/stayfresh.gr\/fr\/smoothies\/banoffee\/\">\n\t\t\t\t\t\t\t<img loading=\"lazy\" decoding=\"async\" width=\"650\" height=\"650\" src=\"https:\/\/stayfresh.gr\/wp-content\/uploads\/2024\/12\/shakefresh-banoffee-new-1.webp\" class=\"attachment-full size-full wp-image-692\" alt=\"\" \/>\t\t\t\t\t\t\t\t<\/a>\n\t\t\t\t\t\t\t\t\t\t\t\t\t\t\t<\/div>\n\t\t\t\t<\/div>\n\t\t\t\t<div class=\"elementor-element elementor-element-a5f1d0c elementor-widget elementor-widget-theme-post-excerpt\" data-id=\"a5f1d0c\" data-element_type=\"widget\" data-e-type=\"widget\" data-widget_type=\"theme-post-excerpt.default\">\n\t\t\t\t<div class=\"elementor-widget-container\">\n\t\t\t\t\tUn dessert bas\u00e9 sur des biscuits au caramel et des bananes, m\u00e9lang\u00e9s pour cr\u00e9er un milkshake \u00e9tonnant \u00e0 base de fruits.\t\t\t\t<\/div>\n\t\t\t\t<\/div>\n\t\t\t\t<div class=\"elementor-element elementor-element-52b6b59 elementor-align-center elementor-widget elementor-widget-button\" data-id=\"52b6b59\" data-element_type=\"widget\" data-e-type=\"widget\" data-widget_type=\"button.default\">\n\t\t\t\t<div class=\"elementor-widget-container\">\n\t\t\t\t\t\t\t\t\t<div class=\"elementor-button-wrapper\">\n\t\t\t\t\t<a class=\"elementor-button elementor-button-link elementor-size-sm elementor-animation-pop\" href=\"https:\/\/stayfresh.gr\/fr\/smoothies\/banoffee\/\">\n\t\t\t\t\t\t<span class=\"elementor-button-content-wrapper\">\n\t\t\t\t\t\t\t\t\t<span class=\"elementor-button-text\">Plus d'infos<\/span>\n\t\t\t\t\t<\/span>\n\t\t\t\t\t<\/a>\n\t\t\t\t<\/div>\n\t\t\t\t\t\t\t\t<\/div>\n\t\t\t\t<\/div>\n\t\t\t\t\t<\/div>\n\t\t\t\t<\/div>\n\t\t\t\t<\/div>\n\t\t\t\t<\/div>\n\t\t\n\t\t\t\t\t\t<\/div>\n\t\t\t\t<\/div>\n\t\t\t\t\t<\/div>\n\t\t\t\t<\/div>\n\t\t<div class=\"elementor-element elementor-element-521f4662 e-flex e-con-boxed e-con e-parent\" data-id=\"521f4662\" data-element_type=\"container\" data-e-type=\"container\" data-settings=\"{&quot;background_background&quot;:&quot;classic&quot;,&quot;shape_divider_top&quot;:&quot;mountains&quot;}\">\n\t\t\t\t\t<div class=\"e-con-inner\">\n\t\t\t\t<div class=\"elementor-shape elementor-shape-top\" aria-hidden=\"true\" data-negative=\"false\">\n\t\t\t<svg xmlns=\"http:\/\/www.w3.org\/2000\/svg\" viewBox=\"0 0 1000 100\" preserveAspectRatio=\"none\">\n\t<path class=\"elementor-shape-fill\" opacity=\"0.33\" d=\"M473,67.3c-203.9,88.3-263.1-34-320.3,0C66,119.1,0,59.7,0,59.7V0h1000v59.7 c0,0-62.1,26.1-94.9,29.3c-32.8,3.3-62.8-12.3-75.8-22.1C806,49.6,745.3,8.7,694.9,4.7S492.4,59,473,67.3z\"\/>\n\t<path class=\"elementor-shape-fill\" opacity=\"0.66\" d=\"M734,67.3c-45.5,0-77.2-23.2-129.1-39.1c-28.6-8.7-150.3-10.1-254,39.1 s-91.7-34.4-149.2,0C115.7,118.3,0,39.8,0,39.8V0h1000v36.5c0,0-28.2-18.5-92.1-18.5C810.2,18.1,775.7,67.3,734,67.3z\"\/>\n\t<path class=\"elementor-shape-fill\" d=\"M766.1,28.9c-200-57.5-266,65.5-395.1,19.5C242,1.8,242,5.4,184.8,20.6C128,35.8,132.3,44.9,89.9,52.5C28.6,63.7,0,0,0,0 h1000c0,0-9.9,40.9-83.6,48.1S829.6,47,766.1,28.9z\"\/>\n<\/svg>\t\t<\/div>\n\t\t\t\t\t<\/div>\n\t\t\t\t<\/div>\n\t\t\t\t<\/div>\n\t\t","protected":false},"excerpt":{"rendered":"<p>Nous avons choisi quatre de nos desserts pr\u00e9f\u00e9r\u00e9s et cr\u00e9\u00e9 une nouvelle g\u00e9n\u00e9ration de milkshakes en rempla\u00e7ant la glace par des fruits frais congel\u00e9s et des noix, pour une alternative naturelle au milkshake.<\/p>\n","protected":false},"author":1,"featured_media":0,"parent":0,"menu_order":0,"comment_status":"closed","ping_status":"closed","template":"elementor_header_footer","meta":{"footnotes":""},"class_list":["post-821","page","type-page","status-publish","hentry"],"_links":{"self":[{"href":"https:\/\/stayfresh.gr\/fr\/wp-json\/wp\/v2\/pages\/821","targetHints":{"allow":["GET"]}}],"collection":[{"href":"https:\/\/stayfresh.gr\/fr\/wp-json\/wp\/v2\/pages"}],"about":[{"href":"https:\/\/stayfresh.gr\/fr\/wp-json\/wp\/v2\/types\/page"}],"author":[{"embeddable":true,"href":"https:\/\/stayfresh.gr\/fr\/wp-json\/wp\/v2\/users\/1"}],"replies":[{"embeddable":true,"href":"https:\/\/stayfresh.gr\/fr\/wp-json\/wp\/v2\/comments?post=821"}],"version-history":[{"count":1,"href":"https:\/\/stayfresh.gr\/fr\/wp-json\/wp\/v2\/pages\/821\/revisions"}],"predecessor-version":[{"id":822,"href":"https:\/\/stayfresh.gr\/fr\/wp-json\/wp\/v2\/pages\/821\/revisions\/822"}],"wp:attachment":[{"href":"https:\/\/stayfresh.gr\/fr\/wp-json\/wp\/v2\/media?parent=821"}],"curies":[{"name":"wp","href":"https:\/\/api.w.org\/{rel}","templated":true}]}}